{"id":5048,"date":"2024-06-18T13:46:30","date_gmt":"2024-06-18T13:46:30","guid":{"rendered":"https:\/\/koce.eu\/datenschutzbestimmung\/"},"modified":"2024-10-17T08:35:05","modified_gmt":"2024-10-17T08:35:05","slug":"datenschutzbestimmung","status":"publish","type":"page","link":"https:\/\/koce.eu\/de\/datenschutzbestimmung\/","title":{"rendered":"Datenschutzbestimmung"},"content":{"rendered":"<p>[et_pb_section fb_built=&#8220;1&#8243; _builder_version=&#8220;4.16&#8243; custom_padding=&#8220;7px|||||&#8220; global_colors_info=&#8220;{}&#8220;][et_pb_row _builder_version=&#8220;4.26.0&#8243; _module_preset=&#8220;default&#8220; global_colors_info=&#8220;{}&#8220;][et_pb_column type=&#8220;4_4&#8243; _builder_version=&#8220;4.26.0&#8243; _module_preset=&#8220;default&#8220; global_colors_info=&#8220;{}&#8220;][et_pb_post_title meta=&#8220;off&#8220; featured_image=&#8220;off&#8220; _builder_version=&#8220;4.26.0&#8243; _module_preset=&#8220;default&#8220; title_level=&#8220;h2&#8243; title_font=&#8220;|600|||||||&#8220; global_colors_info=&#8220;{}&#8220;][\/et_pb_post_title][\/et_pb_column][\/et_pb_row][et_pb_row _builder_version=&#8220;4.16&#8243; background_size=&#8220;initial&#8220; background_position=&#8220;top_left&#8220; background_repeat=&#8220;repeat&#8220; custom_padding=&#8220;7px|||||&#8220; global_colors_info=&#8220;{}&#8220;][et_pb_column type=&#8220;4_4&#8243; _builder_version=&#8220;4.16&#8243; custom_padding=&#8220;|||&#8220; global_colors_info=&#8220;{}&#8220; custom_padding__hover=&#8220;|||&#8220;][et_pb_text _builder_version=&#8220;4.26.0&#8243; background_size=&#8220;initial&#8220; background_position=&#8220;top_left&#8220; background_repeat=&#8220;repeat&#8220; global_colors_info=&#8220;{}&#8220;]<strong>Klauzula Informacyjna<\/strong><\/p>\n<p>Zgodnie z art.13 og\u00f3lnego rozporz\u0105dzenia o ochronie danych osobowych z dnia 27 kwietnia 2016r. (Dz. Urz. UE L 119 z 04.05.2016r.) informujemy, \u017ce:<\/p>\n<p>Administratorem Pa\u0144stwa danych osobowych jest P.H.P.U. &#8222;UNIA&#8220; Sp. z o.o. 15-027 Bia\u0142ystok, ul. Ogrodowa 31 lok.13.<br \/>\nDane osobowe przetwarzane s\u0105 jedynie w celu realizacji zam\u00f3wienia, prowadzenia korespondencji z Klientem oraz ustosunkowania si\u0119 do zapytania Klienta \u2013 na podstawie art. Art. 6 ust. 1 lit. B og\u00f3lnego rozporz\u0105dzenia o ochronie danych osobowych z dnia 27 kwietnia 2016 r.<br \/>\nAdministrator ogranicza wykorzystanie i zbieranie informacji do niezb\u0119dnego minimum wymaganego do realizacji us\u0142ug dla Klienta.<br \/>\nDane osobowe nie s\u0105 udost\u0119pniane w \u017caden inny spos\u00f3b, ni\u017c to wynika z celu korespondencji i realizacji zam\u00f3wienia Klienta.<br \/>\nPosiadaj\u0105 Pa\u0144stwo prawo do \u017c\u0105dania od Administratora dost\u0119pu do danych osobowych, prawo do ich sprostowania, usuni\u0119cia lub ograniczenia przetwarzania oraz prawo do przenoszenia danych.<br \/>\nPosiadaj\u0105 Pa\u0144stwo prawo do wniesienia skargi na przetwarzanie danych osobowych przez Administratora do Generalnego Inspektora Danych Osobowych.<br \/>\nPodanie danych osobowych jest dobrowolne, jednak\u017ce odmowa podania danych mo\u017ce skutkowa\u0107 odmow\u0105 odpowiedzi na korespondencj\u0119 b\u0105d\u017a odmow\u0105 realizacji zam\u00f3wienia.<br \/>\nInformujemy, \u017ce Administrator dok\u0142ada wszelkich stara\u0144, aby zapewni\u0107 w\u0142a\u015bciwe \u015brodki fizycznej i organizacyjnej ochrony danych osobowych przed ich nieuprawnionym ujawnieniem, wykorzystaniem czy dost\u0119pem.<\/p>\n<p><strong>Informacja o plikach cookies<\/strong><\/p>\n<p>Serwis korzysta z plik\u00f3w cookies.<br \/>\nPliki cookies (tzw. &#8222;ciasteczka&#8220;) stanowi\u0105 dane informatyczne, w szczeg\u00f3lno\u015bci pliki tekstowe, kt\u00f3re przechowywane s\u0105 w urz\u0105dzeniu ko\u0144cowym U\u017cytkownika Serwisu i przeznaczone s\u0105 do korzystania ze stron internetowych Serwisu. Pliki tego rodzaju zazwyczaj zawieraj\u0105 nazw\u0119 strony internetowej, z kt\u00f3rej pochodz\u0105, czas przechowywania ich na urz\u0105dzeniu ko\u0144cowym oraz unikalny numer.<br \/>\nPodmiotem zamieszczaj\u0105cym na urz\u0105dzeniu ko\u0144cowym U\u017cytkownika Serwisu pliki cookies oraz uzyskuj\u0105cym do nich dost\u0119p jest operator Serwisu.<br \/>\nPliki cookies wykorzystywane s\u0105 w nast\u0119puj\u0105cych celach:<br \/>\na) tworzenia statystyk, kt\u00f3re pomagaj\u0105 zrozumie\u0107, w jaki spos\u00f3b U\u017cytkownicy Serwisu korzystaj\u0105 ze stron internetowych, co umo\u017cliwia ulepszanie ich struktury i zawarto\u015bci;<br \/>\nb) okre\u015blania profilu u\u017cytkownika w celu wy\u015bwietlania mu dopasowanych materia\u0142\u00f3w w sieciach reklamowych, w szczeg\u00f3lno\u015bci sieci Google.<br \/>\nOprogramowanie do przegl\u0105dania stron internetowych (przegl\u0105darka internetowa) zazwyczaj domy\u015blnie dopuszcza przechowywanie plik\u00f3w cookies w urz\u0105dzeniu ko\u0144cowym U\u017cytkownika. U\u017cytkownicy Serwisu mog\u0105 dokona\u0107 zmiany ustawie\u0144 w tym zakresie. Przegl\u0105darka internetowa umo\u017cliwia usuni\u0119cie plik\u00f3w cookies. Mo\u017cliwe jest tak\u017ce automatyczne blokowanie plik\u00f3w cookies. Szczeg\u00f3\u0142owe informacje na ten temat zawiera pomoc lub dokumentacja przegl\u0105darki internetowej.<br \/>\nOgraniczenia stosowania plik\u00f3w cookies mog\u0105 wp\u0142yn\u0105\u0107 na niekt\u00f3re funkcjonalno\u015bci dost\u0119pne na stronach internetowych Serwisu.<br \/>\nPliki cookies zamieszczane w urz\u0105dzeniu ko\u0144cowym U\u017cytkownika Serwisu i wykorzystywane mog\u0105 by\u0107 r\u00f3wnie\u017c przez wsp\u00f3\u0142pracuj\u0105cych z operatorem Serwisu reklamodawc\u00f3w oraz partner\u00f3w.<br \/>\nZalecamy przeczytanie polityki ochrony prywatno\u015bci tych firm, aby pozna\u0107 zasady korzystania z plik\u00f3w cookie wykorzystywane w statystykach: Polityka ochrony prywatno\u015bci Google Analytics (http:\/\/www.google.pl\/intl\/pl\/analytics\/privacyoverview.html)<br \/>\nW zakresie informacji o preferencjach u\u017cytkownika gromadzonych przez sie\u0107 reklamow\u0105 Google u\u017cytkownik mo\u017ce przegl\u0105da\u0107 i edytowa\u0107 informacje wynikaj\u0105ce z plik\u00f3w cookies przy pomocy narz\u0119dzia: https:\/\/www.google.com\/ads\/preferences\/[\/et_pb_text][\/et_pb_column][\/et_pb_row][\/et_pb_section]<\/p>\n","protected":false},"excerpt":{"rendered":"<p>Klauzula Informacyjna Zgodnie z art.13 og\u00f3lnego rozporz\u0105dzenia o ochronie danych osobowych z dnia 27 kwietnia 2016r. (Dz. Urz. UE L 119 z 04.05.2016r.) informujemy, \u017ce: Administratorem Pa\u0144stwa danych osobowych jest P.H.P.U. &#8222;UNIA&#8220; Sp. z o.o. 15-027 Bia\u0142ystok, ul. Ogrodowa 31 lok.13. Dane osobowe przetwarzane s\u0105 jedynie w celu realizacji zam\u00f3wienia, prowadzenia korespondencji z Klientem oraz [&hellip;]<\/p>\n","protected":false},"author":1,"featured_media":0,"parent":0,"menu_order":0,"comment_status":"closed","ping_status":"closed","template":"","meta":{"_et_pb_use_builder":"on","_et_pb_old_content":"","_et_gb_content_width":"","footnotes":""},"class_list":["post-5048","page","type-page","status-publish","hentry"],"_links":{"self":[{"href":"https:\/\/koce.eu\/de\/wp-json\/wp\/v2\/pages\/5048","targetHints":{"allow":["GET"]}}],"collection":[{"href":"https:\/\/koce.eu\/de\/wp-json\/wp\/v2\/pages"}],"about":[{"href":"https:\/\/koce.eu\/de\/wp-json\/wp\/v2\/types\/page"}],"author":[{"embeddable":true,"href":"https:\/\/koce.eu\/de\/wp-json\/wp\/v2\/users\/1"}],"replies":[{"embeddable":true,"href":"https:\/\/koce.eu\/de\/wp-json\/wp\/v2\/comments?post=5048"}],"version-history":[{"count":1,"href":"https:\/\/koce.eu\/de\/wp-json\/wp\/v2\/pages\/5048\/revisions"}],"predecessor-version":[{"id":5049,"href":"https:\/\/koce.eu\/de\/wp-json\/wp\/v2\/pages\/5048\/revisions\/5049"}],"wp:attachment":[{"href":"https:\/\/koce.eu\/de\/wp-json\/wp\/v2\/media?parent=5048"}],"curies":[{"name":"wp","href":"https:\/\/api.w.org\/{rel}","templated":true}]}}