{"id":4981,"date":"2024-07-18T13:06:35","date_gmt":"2024-07-18T13:06:35","guid":{"rendered":"https:\/\/koce.eu\/cotton-cloud-kissenbezuege\/"},"modified":"2026-04-02T15:11:53","modified_gmt":"2026-04-02T15:11:53","slug":"cotton-cloud-kissenbezuge","status":"publish","type":"page","link":"https:\/\/koce.eu\/de\/cotton-cloud-kissenbezuge\/","title":{"rendered":"COTTON CLOUD-KISSENBEZ\u00dcGE"},"content":{"rendered":"<p>[et_pb_section fb_built=&#8220;1&#8243; admin_label=&#8220;Header&#8220; _builder_version=&#8220;4.27.0&#8243; _module_preset=&#8220;default&#8220; use_background_color_gradient=&#8220;on&#8220; background_color_gradient_stops=&#8220;rgba(0,0,0,0.06) 0%|rgba(0,0,0,0.25) 100%&#8220; background_color_gradient_overlays_image=&#8220;on&#8220; background_image=&#8220;https:\/\/koce.eu\/wp-content\/uploads\/2024\/07\/unia-umipled-producent-kocow-bawelnianych-20a.webp&#8220; custom_padding=&#8220;17vw||0vw||false|false&#8220; animation_style=&#8220;fade&#8220; animation_starting_opacity=&#8220;33%&#8220; collapsed=&#8220;on&#8220; global_colors_info=&#8220;{}&#8220;][et_pb_row _builder_version=&#8220;4.26.0&#8243; _module_preset=&#8220;default&#8220; custom_margin=&#8220;||||false|false&#8220; custom_padding=&#8220;||||false|false&#8220; global_colors_info=&#8220;{}&#8220;][et_pb_column type=&#8220;4_4&#8243; _builder_version=&#8220;4.20.0&#8243; _module_preset=&#8220;default&#8220; global_colors_info=&#8220;{}&#8220;][et_pb_text _builder_version=&#8220;4.27.0&#8243; _module_preset=&#8220;_initial&#8220; header_font=&#8220;Cormorant Garamond|||on|||||&#8220; header_text_color=&#8220;#FFFFFF&#8220; header_font_size=&#8220;75px&#8220; header_letter_spacing=&#8220;0.2em&#8220; header_line_height=&#8220;1.2em&#8220; header_2_font=&#8220;|600|||||||&#8220; header_2_text_align=&#8220;left&#8220; header_2_text_color=&#8220;#FFFFFF&#8220; header_2_font_size=&#8220;39px&#8220; header_2_letter_spacing=&#8220;2px&#8220; header_2_line_height=&#8220;1.4em&#8220; text_orientation=&#8220;center&#8220; header_font_size_tablet=&#8220;40px&#8220; header_font_size_phone=&#8220;24px&#8220; header_font_size_last_edited=&#8220;on|desktop&#8220; header_2_font_size_tablet=&#8220;35px&#8220; header_2_font_size_phone=&#8220;25px&#8220; header_2_font_size_last_edited=&#8220;on|desktop&#8220; global_colors_info=&#8220;{}&#8220;]<\/p>\n<h2>COTTON CLOUD-KISSENBEZ\u00dcGE<\/h2>\n<p>[\/et_pb_text][\/et_pb_column][\/et_pb_row][\/et_pb_section][et_pb_section fb_built=&#8220;1&#8243; _builder_version=&#8220;4.25.2&#8243; _module_preset=&#8220;default&#8220; custom_padding=&#8220;0px||1px|||&#8220; global_colors_info=&#8220;{}&#8220;][et_pb_row _builder_version=&#8220;4.25.2&#8243; _module_preset=&#8220;default&#8220; width=&#8220;100%&#8220; max_width=&#8220;100%&#8220; module_alignment=&#8220;center&#8220; custom_padding=&#8220;0px|||||&#8220; global_colors_info=&#8220;{}&#8220;][et_pb_column type=&#8220;4_4&#8243; _builder_version=&#8220;4.25.2&#8243; _module_preset=&#8220;default&#8220; global_colors_info=&#8220;{}&#8220;][et_pb_divider color=&#8220;#513321&#8243; divider_weight=&#8220;8px&#8220; _builder_version=&#8220;4.25.2&#8243; _module_preset=&#8220;default&#8220; animation_style=&#8220;flip&#8220; animation_direction=&#8220;top&#8220; global_colors_info=&#8220;{}&#8220;][\/et_pb_divider][\/et_pb_column][\/et_pb_row][\/et_pb_section][et_pb_section fb_built=&#8220;1&#8243; admin_label=&#8220;Call to Action&#8220; _builder_version=&#8220;4.26.0&#8243; _module_preset=&#8220;default&#8220; background_enable_image=&#8220;off&#8220; custom_margin=&#8220;||||false|false&#8220; custom_padding=&#8220;0px||30px||false|false&#8220; background_last_edited=&#8220;off|desktop&#8220; background_position_tablet=&#8220;center&#8220; background_position_phone=&#8220;center&#8220; collapsed=&#8220;on&#8220; global_colors_info=&#8220;{}&#8220;][et_pb_row custom_padding_last_edited=&#8220;on|desktop&#8220; _builder_version=&#8220;4.26.1&#8243; _module_preset=&#8220;default&#8220; custom_padding=&#8220;7px||0px||false|false&#8220; custom_padding_tablet=&#8220;||||false|false&#8220; custom_padding_phone=&#8220;||||false|false&#8220; global_colors_info=&#8220;{}&#8220;][et_pb_column type=&#8220;4_4&#8243; _builder_version=&#8220;4.20.0&#8243; _module_preset=&#8220;default&#8220; global_colors_info=&#8220;{}&#8220;][et_pb_text _builder_version=&#8220;4.27.2&#8243; _module_preset=&#8220;default&#8220; header_2_font=&#8220;Inter|700||on|||||&#8220; header_2_text_align=&#8220;center&#8220; header_2_text_color=&#8220;#8c100c&#8220; header_2_font_size=&#8220;16px&#8220; header_2_letter_spacing=&#8220;1px&#8220; header_2_line_height=&#8220;1.7em&#8220; custom_margin=&#8220;||4px|||&#8220; animation_style=&#8220;fade&#8220; header_2_text_align_tablet=&#8220;center&#8220; header_2_text_align_phone=&#8220;center&#8220; header_2_text_align_last_edited=&#8220;on|desktop&#8220; header_2_font_size_tablet=&#8220;20px&#8220; header_2_font_size_phone=&#8220;18px&#8220; header_2_font_size_last_edited=&#8220;on|tablet&#8220; global_colors_info=&#8220;{}&#8220;]<\/p>\n<h2>Cotton Cloud-Kissenbez\u00fcge sind in einer Gr\u00f6\u00dfe<br \/>50&#215;50 cm erh\u00e4ltlich.<\/h2>\n<p>[\/et_pb_text][et_pb_text _builder_version=&#8220;4.27.2&#8243; _module_preset=&#8220;_initial&#8220; text_orientation=&#8220;center&#8220; animation_style=&#8220;fade&#8220; animation_starting_opacity=&#8220;36%&#8220; text_font_size_tablet=&#8220;16px&#8220; text_font_size_phone=&#8220;14px&#8220; text_font_size_last_edited=&#8220;off|desktop&#8220; global_colors_info=&#8220;{}&#8220;]Hergestellt aus einem Stoff, dass nicht geraut wurde, mit einer Zusammensetzung von 60 % Baumwolle, 35 % Acryl und 5 % Polyester. Verschlussart \u2013 Rei\u00dfverschluss.[\/et_pb_text][et_pb_button button_url=&#8220;https:\/\/koce.eu\/de\/preisliste\/&#8220; button_text=&#8220;B2B-PREISLISTE&#8220; button_alignment=&#8220;center&#8220; button_alignment_tablet=&#8220;center&#8220; button_alignment_phone=&#8220;center&#8220; button_alignment_last_edited=&#8220;on|desktop&#8220; _builder_version=&#8220;4.27.2&#8243; custom_button=&#8220;on&#8220; button_text_size=&#8220;14px&#8220; button_text_color=&#8220;#ffffff&#8220; button_bg_color=&#8220;#9b000e&#8220; button_border_width=&#8220;10px&#8220; button_border_color=&#8220;rgba(0,0,0,0)&#8220; button_border_radius=&#8220;0px&#8220; button_letter_spacing=&#8220;1px&#8220; button_font=&#8220;Inter|500||on|||||&#8220; button_use_icon=&#8220;off&#8220; custom_margin=&#8220;54px||40px||false|false&#8220; animation_style=&#8220;slide&#8220; animation_direction=&#8220;left&#8220; animation_intensity_slide=&#8220;3%&#8220; animation_starting_opacity=&#8220;2%&#8220; animation_direction_tablet=&#8220;top&#8220; animation_direction_phone=&#8220;top&#8220; animation_direction_last_edited=&#8220;on|phone&#8220; global_colors_info=&#8220;{}&#8220; button_bg_color__hover=&#8220;rgba(154,0,14,0.77)&#8220; button_bg_color__hover_enabled=&#8220;on|desktop&#8220; button_bg_enable_color__hover=&#8220;on&#8220;][\/et_pb_button][\/et_pb_column][\/et_pb_row][\/et_pb_section][et_pb_section fb_built=&#8220;1&#8243; admin_label=&#8220;Call to Action&#8220; _builder_version=&#8220;4.26.1&#8243; _module_preset=&#8220;default&#8220; background_color=&#8220;#f7f7f7&#8243; background_enable_image=&#8220;off&#8220; custom_margin=&#8220;||||false|false&#8220; custom_padding=&#8220;31px||17px||false|false&#8220; background_last_edited=&#8220;off|desktop&#8220; background_position_tablet=&#8220;center&#8220; background_position_phone=&#8220;center&#8220; collapsed=&#8220;on&#8220; global_colors_info=&#8220;{}&#8220;][et_pb_row column_structure=&#8220;1_2,1_2&#8243; use_custom_gutter=&#8220;on&#8220; gutter_width=&#8220;2&#8243; _builder_version=&#8220;4.27.0&#8243; _module_preset=&#8220;default&#8220; max_width=&#8220;680px&#8220; custom_padding=&#8220;27px||55px|||&#8220; global_colors_info=&#8220;{}&#8220;][et_pb_column type=&#8220;1_2&#8243; _builder_version=&#8220;4.26.1&#8243; _module_preset=&#8220;default&#8220; global_colors_info=&#8220;{}&#8220;][et_pb_image src=&#8220;https:\/\/koce.eu\/wp-content\/uploads\/2024\/07\/unia-umipled-producent-kocow-bawelnianych-poduszki-wzorzyste.png&#8220; alt=&#8220;P.H.P.U. UNIA &#8211; UmiPled &#8211; Hersteller von Baumwolldecken&#8220; url=&#8220;https:\/\/koce.eu\/de\/gemusterte-kissenbezuege\/&#8220; align=&#8220;center&#8220; _builder_version=&#8220;4.27.2&#8243; _module_preset=&#8220;default&#8220; width=&#8220;40%&#8220; width_tablet=&#8220;40%&#8220; width_phone=&#8220;40%&#8220; width_last_edited=&#8220;on|phone&#8220; max_width=&#8220;40%&#8220; max_width_tablet=&#8220;40%&#8220; max_width_phone=&#8220;40%&#8220; max_width_last_edited=&#8220;on|desktop&#8220; animation_style=&#8220;fade&#8220; global_colors_info=&#8220;{}&#8220; filter_brightness__hover_enabled=&#8220;off|desktop&#8220; filter_brightness__hover=&#8220;199%&#8220; filter_opacity__hover_enabled=&#8220;on|hover&#8220; filter_opacity__hover=&#8220;60%&#8220; max_width__hover_enabled=&#8220;on|desktop&#8220; max_width__hover=&#8220;40%&#8220;][\/et_pb_image][et_pb_text _builder_version=&#8220;4.27.2&#8243; _module_preset=&#8220;default&#8220; header_2_font=&#8220;Inter|700||on|||||&#8220; header_2_text_align=&#8220;center&#8220; header_2_text_color=&#8220;#000000&#8243; header_2_font_size=&#8220;17px&#8220; header_2_letter_spacing=&#8220;1px&#8220; header_2_line_height=&#8220;1.4em&#8220; animation_style=&#8220;fade&#8220; link_option_url=&#8220;https:\/\/koce.eu\/de\/musterdecken-und-plaids\/&#8220; header_2_font_size_tablet=&#8220;20px&#8220; header_2_font_size_phone=&#8220;18px&#8220; header_2_font_size_last_edited=&#8220;on|desktop&#8220; global_colors_info=&#8220;{}&#8220;]<\/p>\n<h2>Gemusterte<br \/>\nKissenbez\u00fcge<\/h2>\n<p>[\/et_pb_text][\/et_pb_column][et_pb_column type=&#8220;1_2&#8243; _builder_version=&#8220;4.25.2&#8243; _module_preset=&#8220;default&#8220; global_colors_info=&#8220;{}&#8220;][et_pb_image src=&#8220;https:\/\/koce.eu\/wp-content\/uploads\/2024\/07\/unia-umipled-producent-kocow-bawelnianych-poduszki-jednokolorowe.png&#8220; alt=&#8220;P.H.P.U. UNIA &#8211; UmiPled &#8211; Hersteller von Baumwolldecken&#8220; url=&#8220;https:\/\/koce.eu\/de\/farb-und-verarbeitungsmuster\/#wykonczenie-niedrapane&#8220; align=&#8220;center&#8220; _builder_version=&#8220;4.27.2&#8243; _module_preset=&#8220;default&#8220; width=&#8220;40%&#8220; width_tablet=&#8220;40%&#8220; width_phone=&#8220;40%&#8220; width_last_edited=&#8220;on|desktop&#8220; max_width=&#8220;40%&#8220; max_width_tablet=&#8220;40%&#8220; max_width_phone=&#8220;40%&#8220; max_width_last_edited=&#8220;on|desktop&#8220; animation_style=&#8220;fade&#8220; animation_duration=&#8220;1400ms&#8220; animation_starting_opacity=&#8220;27%&#8220; global_colors_info=&#8220;{}&#8220; filter_brightness__hover_enabled=&#8220;off|desktop&#8220; filter_brightness__hover=&#8220;199%&#8220; filter_opacity__hover_enabled=&#8220;on|hover&#8220; filter_opacity__hover=&#8220;60%&#8220; max_width__hover_enabled=&#8220;on|desktop&#8220; max_width__hover=&#8220;40%&#8220;][\/et_pb_image][et_pb_text _builder_version=&#8220;4.27.2&#8243; _module_preset=&#8220;default&#8220; header_2_font=&#8220;Inter|700||on|||||&#8220; header_2_text_align=&#8220;center&#8220; header_2_text_color=&#8220;#000000&#8243; header_2_font_size=&#8220;17px&#8220; header_2_letter_spacing=&#8220;1px&#8220; header_2_line_height=&#8220;1.4em&#8220; animation_style=&#8220;fade&#8220; link_option_url=&#8220;https:\/\/koce.eu\/wzorniki-kolorow-i-wykonczenia\/&#8220; header_2_font_size_tablet=&#8220;20px&#8220; header_2_font_size_phone=&#8220;18px&#8220; header_2_font_size_last_edited=&#8220;on|desktop&#8220; global_colors_info=&#8220;{}&#8220;]<\/p>\n<h2>Einfarbige<br \/>\nKissenbez\u00fcge<\/h2>\n<p>[\/et_pb_text][\/et_pb_column][\/et_pb_row][\/et_pb_section]<\/p>\n","protected":false},"excerpt":{"rendered":"<p>COTTON CLOUD-KISSENBEZ\u00dcGECotton Cloud-Kissenbez\u00fcge sind in einer Gr\u00f6\u00dfe50x50 cm erh\u00e4ltlich.Hergestellt aus einem Stoff, dass nicht geraut wurde, mit einer Zusammensetzung von 60 % Baumwolle, 35 % Acryl und 5 % Polyester. Verschlussart \u2013 Rei\u00dfverschluss.Gemusterte Kissenbez\u00fcgeEinfarbige Kissenbez\u00fcge<\/p>\n","protected":false},"author":1,"featured_media":0,"parent":0,"menu_order":0,"comment_status":"closed","ping_status":"closed","template":"","meta":{"_et_pb_use_builder":"on","_et_pb_old_content":"","_et_gb_content_width":"","footnotes":""},"class_list":["post-4981","page","type-page","status-publish","hentry"],"_links":{"self":[{"href":"https:\/\/koce.eu\/de\/wp-json\/wp\/v2\/pages\/4981","targetHints":{"allow":["GET"]}}],"collection":[{"href":"https:\/\/koce.eu\/de\/wp-json\/wp\/v2\/pages"}],"about":[{"href":"https:\/\/koce.eu\/de\/wp-json\/wp\/v2\/types\/page"}],"author":[{"embeddable":true,"href":"https:\/\/koce.eu\/de\/wp-json\/wp\/v2\/users\/1"}],"replies":[{"embeddable":true,"href":"https:\/\/koce.eu\/de\/wp-json\/wp\/v2\/comments?post=4981"}],"version-history":[{"count":5,"href":"https:\/\/koce.eu\/de\/wp-json\/wp\/v2\/pages\/4981\/revisions"}],"predecessor-version":[{"id":6442,"href":"https:\/\/koce.eu\/de\/wp-json\/wp\/v2\/pages\/4981\/revisions\/6442"}],"wp:attachment":[{"href":"https:\/\/koce.eu\/de\/wp-json\/wp\/v2\/media?parent=4981"}],"curies":[{"name":"wp","href":"https:\/\/api.w.org\/{rel}","templated":true}]}}